{"id":298,"date":"2023-01-16T17:50:43","date_gmt":"2023-01-16T17:50:43","guid":{"rendered":"https:\/\/construccionesrocar89.com\/?page_id=298"},"modified":"2023-01-16T17:52:44","modified_gmt":"2023-01-16T17:52:44","slug":"aviso-legal","status":"publish","type":"page","link":"https:\/\/construccionesrocar89.com\/index.php\/aviso-legal\/","title":{"rendered":"Aviso legal"},"content":{"rendered":"\n<div style=\"height:40px\" aria-hidden=\"true\" class=\"wp-block-spacer\"><\/div>\n\n\n\n<p><strong>Pol\u00edtica de privacidad y protecci\u00f3n de datos personales.<\/strong><\/p>\n\n\n\n<p>Mediante este aviso, ROCAR 89 S.L. , con domicilio social en Avenida de Castilla la Mancha N\u00ba 58, 45643, Garciotum, Toledo. con CIF n\u00ba B45204716 e inscrita en el Registro Mercantil informa a los usuarios del portal web www.construccionesrocar89.com acerca de su pol\u00edtica de protecci\u00f3n de datos de car\u00e1cter personal (en adelante, \u201clos Datos Personales\u201d) para que los Usuarios determinen, libre y voluntariamente, si desean facilitar a ROCAR 89 S.L. los Datos Personales que se les puedan requerir o que se puedan obtener de los Usuarios con ocasi\u00f3n de la suscripci\u00f3n o alta en algunos de los servicios ofrecidos por Rocar 89 S.L. en el Portal o a trav\u00e9s del Portal. ROCAR 89 S.L. se reserva el derecho a modificar la presente pol\u00edtica para adaptarla a novedades legislativas o jurisprudenciales as\u00ed como a pr\u00e1cticas de la industria. <\/p>\n\n\n\n<p>De conformidad con lo dispuesto en el Reglamento General de Protecci\u00f3n de Datos, aplicable a partir del 25 de mayo de 2018, norma de aplicaci\u00f3n directa en toda la Uni\u00f3n Europea, relativo a la protecci\u00f3n de las personas f\u00edsicas en lo que respecta al tratamiento de datos personales y a la libre circulaci\u00f3n de estos datos, ROCAR 89 S.L. informa que es el Responsable del Tratamiento de los datos personales que pueda facilitar el interesado en cualquier momento y de forma voluntaria, que ser\u00e1n tratados con el fin de gestionar el env\u00edo de la informaci\u00f3n que nos soliciten, facilitar al interesado ofertas de productos y servicios de su inter\u00e9s y mejorar su experiencia de usuario, pudiendo elaborarse, de ser necesario, un perfil comercial, en base a la informaci\u00f3n facilitada  No se tomar\u00e1n decisiones automatizadas en base a dicho perfil.<\/p>\n\n\n\n<p>Los datos personales proporcionados se conservar\u00e1n mientras se mantenga la relaci\u00f3n mercantil, y no se solicite su supresi\u00f3n por el interesado, solicitando por parte de ROCAR 89 S.L. el consentimiento del interesado para el tratamiento de sus datos y la oferta prospectiva de productos y servicios.<\/p>\n\n\n\n<p>Los datos personales no se ceder\u00e1n a terceros.<\/p>\n\n\n\n<p>Las personas interesadas tienen derecho a acceder a sus datos personales, as\u00ed como a solicitar la rectificaci\u00f3n de los datos inexactos o, en su caso, solicitar su supresi\u00f3n cuando, los datos ya no sean necesarios para los fines que fueron recogidos. Tambi\u00e9n los interesados en determinadas circunstancias podr\u00e1n oponerse al tratamiento de sus datos.<\/p>\n\n\n\n<p>Tambi\u00e9n tendr\u00e1 derecho a retirar el consentimiento prestado y a reclamar ante la Autoridad de Control.<\/p>\n\n\n\n<p>Para ejercer sus derechos, el interesado deber\u00e1 ponerse en contacto mediante comunicaci\u00f3n escrita dirigida a rocar89@construccionesrocar89.com , en el domicilio social arriba indicado, adjuntando fotocopia de su DNI u otro documento equivalente acreditativo de su identidad.<\/p>\n\n\n\n<p><strong>Condiciones de Uso y su aceptaci\u00f3n<\/strong><\/p>\n\n\n\n<p>Estas condiciones regulan el uso de la web de ROCAR 89 S.L. para el usuario de Internet, y expresan la aceptaci\u00f3n plena y sin reservas del mismo de todas y cada una de las condiciones y restricciones que est\u00e9n publicadas en la web en el momento en que acceda a la misma. El acceso a la web y\/o la utilizaci\u00f3n de cualquiera de los servicios en ella incluidos supondr\u00e1 la aceptaci\u00f3n de todas las condiciones de uso. ROCAR 89 S.L. se reserva el derecho a modificar unilateralmente la web y los servicios en ella ofrecidos, incluyendo la modificaci\u00f3n de las condiciones de uso. Por ello se recomienda al usuario que lea este Aviso Legal tantas veces como acceda a la web.<\/p>\n\n\n\n<p><strong>Condiciones de utilizaci\u00f3n de la Web<\/strong><\/p>\n\n\n\n<p>El usuario debe utilizar la web de conformidad con los usos autorizados. Queda expresamente prohibida la utilizaci\u00f3n de la web o de cualquiera de sus servicios con fines o efectos il\u00edcitos, contrarios a la buena fe, al orden p\u00fablico o a lo establecido en las condiciones de uso. Queda igualmente prohibido cualquier uso lesivo de derechos o intereses de terceros o que, de cualquier forma, dificulten la utilizaci\u00f3n por parte de otros usuarios la normal utilizaci\u00f3n de la web y\/o sus servicios. La utilizaci\u00f3n de la web es gratuita para el usuario.<\/p>\n\n\n\n<p><strong>Derechos de Propiedad Intelectual e Industrial<\/strong><\/p>\n\n\n\n<p>Todos los contenidos de la web (marca, nombres comerciales, im\u00e1genes, iconos, dise\u00f1o y presentaci\u00f3n general de las diferentes secciones) est\u00e1n sujetos a derechos de propiedad intelectual o industrial de ROCAR 89 S.L. . En ning\u00fan caso el acceso a la web implica que por parte de ROCAR 89 S.L. o del titular de esos derechos: (1) se otorgue autorizaci\u00f3n o licencia alguna sobre esos contenidos, (2) se renuncie, transmita o ceda total o parcialmente ninguno de sus derechos sobre esos contenidos (entre otros, sus derechos de reproducci\u00f3n, distribuci\u00f3n y comunicaci\u00f3n p\u00fablica). No podr\u00e1n realizarse utilizaciones de la web y\/o de sus contenidos, diferentes de las expresamente autorizadas por ROCAR 89 S.L. . Ning\u00fan usuario de esta web puede revender, volver a publicar, imprimir, bajar, copiar, retransmitir o presentar ning\u00fan elemento de esta web ni de los contenidos de la misma sin el consentimiento previo por escrito de ABYDU ROCAR 89 S.L. , a menos que la ley permita, en medida razonable, copiar o imprimir los contenidos para uso personal y no comercial manteni\u00e9ndose inalterados, en todo caso, el Copyright y dem\u00e1s datos identificativos de los derechos de ROCAR 89 S.L. y\/o del titular de los derechos de esos contenidos. Esta web y sus contenidos est\u00e1n protegidos por las leyes de protecci\u00f3n de la Propiedad Industrial e Intelectual internacionales y de Espa\u00f1a, ya sea como obras individuales y\/o como compilaciones. El usuario no puede borrar ni modificar de ninguna forma la informaci\u00f3n relativa a esos derechos incluidos en la web. Quedan reservados todos los derechos a favor de ROCAR 89 S.L.<\/p>\n\n\n\n<p><strong>Exclusi\u00f3n de Garant\u00edas y Responsabilidad<\/strong><\/p>\n\n\n\n<p>ROCAR 89 S.L. no garantiza y no asume ninguna responsabilidad por el funcionamiento de la web y\/o sus servicios. En caso de producirse interrupciones en su funcionamiento ROCAR89 S.L. tratar\u00e1, si esto fuera posible, de advertirlo al usuario. ROCAR 89 S.L. tampoco garantiza la utilidad de la web y\/o sus servicios para la realizaci\u00f3n de ninguna actividad en particular, su infalibilidad ni que el usuario pueda utilizar en todo momento la web o los servicios que se ofrezcan. ROCAR 89 S.L. est\u00e1 autorizado a efectuar cuantas modificaciones t\u00e9cnicas sean precisas para mejorar la calidad, rendimiento, eficacia del sistema y de su conexi\u00f3n. Salvo que se indique expresamente un plazo, la prestaci\u00f3n de los servicios tiene en principio una duraci\u00f3n indefinida, no obstante, ROCAR 89 S.L. est\u00e1 autorizado a dar por terminados alguno de los servicios o el acceso a la web en cualquier momento. <\/p>\n\n\n\n<p>Los contenidos de todo tipo incluidos en la web que se hallan disponibles para el p\u00fablico en general, facilitan el acceso a informaci\u00f3n, productos y servicios suministrados o prestados por ROCAR 89 S.L. . Dichos contenidos son facilitados de buena fe por ROCAR 89 S.L. con informaci\u00f3n procedente, en ocasiones, de fuentes distintas a ROCAR 89 S.L. . Por lo tanto, ROCAR 89 S.L. no puede garantizar la fiabilidad, veracidad, exhaustividad y actualidad de los contenidos y, por tanto queda excluido cualquier tipo de responsabilidad de ROCAR 89 S.L. que pudiera derivarse por los da\u00f1os causados, directa o indirectamente, por la informaci\u00f3n a la que se acceda por medio de la web. ROCAR 89 S.L. no garantiza la idoneidad de los contenidos incluidos en la web para fines particulares de quien acceda a la misma. En consecuencia, tanto el acceso a dicha web como el uso que pueda hacerse de la informaci\u00f3n y contenidos incluidos en las mismas se efect\u00faa bajo la exclusiva responsabilidad de quien lo realice, y ROCAR 89 S.L. no responder\u00e1 en ning\u00fan caso y en ninguna medida por los eventuales perjuicios derivados del uso de la informaci\u00f3n y contenidos accesibles en la web. Asimismo, ROCAR 89 S.L. no ser\u00e1 en ning\u00fan caso responsable por productos o servicios prestados u ofertados por otras personas o entidades, o por contenidos, informaciones, comunicaciones, opiniones o manifestaciones de cualquier tipo originados o vertidos por terceros y a las que se pueda acceder a trav\u00e9s de la web.<\/p>\n\n\n\n<p><\/p>\n\n\n\n<p><\/p>\n\n\n\n<div class=\"wp-block-columns has-nv-light-bg-background-color has-background is-layout-flex wp-container-core-columns-is-layout-9d6595d7 wp-block-columns-is-layout-flex\">\n<div class=\"wp-block-column is-layout-flow wp-block-column-is-layout-flow\">\n<p class=\"has-text-align-center has-neve-link-hover-color-color has-text-color\"><strong>CONSTRUCCIONES ROCAR 89 S.L.<\/strong><\/p>\n\n\n\n<p class=\"has-text-align-center\">Avenida de Castilla la Mancha N\u00ba 58, 45643, Garciotum, Toledo.<\/p>\n<\/div>\n\n\n\n<div class=\"wp-block-column is-layout-flow wp-block-column-is-layout-flow\">\n<p class=\"has-text-align-center\"><a href=\"https:\/\/construccionesrocar89.com\/\" title=\"Rocar 89\">Rocar 89<\/a><\/p>\n\n\n\n<p class=\"has-text-align-center\"><a href=\"https:\/\/construccionesrocar89.com\/index.php\/empresa-de-rehabilitacion\/\" title=\"Cont\u00e1ctanos\">Cont\u00e1ctanos<\/a><\/p>\n\n\n\n<p class=\"has-text-align-center\"><a href=\"https:\/\/construccionesrocar89.com\/index.php\/encuentranos\/\" title=\"Encu\u00e9ntranos\">Encu\u00e9ntranos<\/a><\/p>\n\n\n\n<p class=\"has-text-align-center\"><a href=\"https:\/\/construccionesrocar89.com\/index.php\/nuestros-trabajos\/\" title=\"Nuestros trabajos\">Nuestros trabajos<\/a><\/p>\n<\/div>\n\n\n\n<div class=\"wp-block-column is-layout-flow wp-block-column-is-layout-flow\">\n<p class=\"has-text-align-center\"><a href=\"https:\/\/construccionesrocar89.com\/index.php\/aviso-legal\/\" title=\"Aviso legal\">Aviso legal<\/a><\/p>\n\n\n\n<p class=\"has-text-align-center\"><a href=\"https:\/\/construccionesrocar89.com\/index.php\/politica-de-privacidad\/\" title=\"Pol\u00edtica de privacidad\">Pol\u00edtica de privacidad<\/a><\/p>\n<\/div>\n<\/div>\n\n\n\n<div style=\"height:40px\" aria-hidden=\"true\" class=\"wp-block-spacer\"><\/div>\n","protected":false},"excerpt":{"rendered":"<p>Pol\u00edtica de privacidad y protecci\u00f3n de datos personales. Mediante este aviso, ROCAR 89 S.L. , con domicilio social en Avenida de Castilla la Mancha N\u00ba 58, 45643, Garciotum, Toledo. con CIF n\u00ba B45204716 e inscrita en el Registro Mercantil informa a los usuarios del portal web www.construccionesrocar89.com acerca de su pol\u00edtica de protecci\u00f3n de datos&hellip;&nbsp;<a href=\"https:\/\/construccionesrocar89.com\/index.php\/aviso-legal\/\" class=\"\" rel=\"bookmark\">Read More &raquo;<span class=\"screen-reader-text\">Aviso legal<\/span><\/a><\/p>\n","protected":false},"author":1,"featured_media":0,"parent":0,"menu_order":0,"comment_status":"closed","ping_status":"closed","template":"","meta":{"om_disable_all_campaigns":false,"_mi_skip_tracking":false,"neve_meta_sidebar":"full-width","neve_meta_container":"","neve_meta_enable_content_width":"on","neve_meta_content_width":100,"neve_meta_title_alignment":"","neve_meta_author_avatar":"","neve_post_elements_order":"","neve_meta_disable_header":"","neve_meta_disable_footer":"","neve_meta_disable_title":"","footnotes":""},"class_list":["post-298","page","type-page","status-publish","hentry"],"aioseo_notices":[],"_links":{"self":[{"href":"https:\/\/construccionesrocar89.com\/index.php\/wp-json\/wp\/v2\/pages\/298","targetHints":{"allow":["GET"]}}],"collection":[{"href":"https:\/\/construccionesrocar89.com\/index.php\/wp-json\/wp\/v2\/pages"}],"about":[{"href":"https:\/\/construccionesrocar89.com\/index.php\/wp-json\/wp\/v2\/types\/page"}],"author":[{"embeddable":true,"href":"https:\/\/construccionesrocar89.com\/index.php\/wp-json\/wp\/v2\/users\/1"}],"replies":[{"embeddable":true,"href":"https:\/\/construccionesrocar89.com\/index.php\/wp-json\/wp\/v2\/comments?post=298"}],"version-history":[{"count":5,"href":"https:\/\/construccionesrocar89.com\/index.php\/wp-json\/wp\/v2\/pages\/298\/revisions"}],"predecessor-version":[{"id":315,"href":"https:\/\/construccionesrocar89.com\/index.php\/wp-json\/wp\/v2\/pages\/298\/revisions\/315"}],"wp:attachment":[{"href":"https:\/\/construccionesrocar89.com\/index.php\/wp-json\/wp\/v2\/media?parent=298"}],"curies":[{"name":"wp","href":"https:\/\/api.w.org\/{rel}","templated":true}]}}