{"id":295,"date":"2023-01-16T17:51:03","date_gmt":"2023-01-16T17:51:03","guid":{"rendered":"https:\/\/construccionesrocar89.com\/?page_id=295"},"modified":"2023-01-16T17:54:57","modified_gmt":"2023-01-16T17:54:57","slug":"politica-de-privacidad","status":"publish","type":"page","link":"https:\/\/construccionesrocar89.com\/index.php\/politica-de-privacidad\/","title":{"rendered":"Pol\u00edtica de privacidad"},"content":{"rendered":"\n<div style=\"height:100px\" aria-hidden=\"true\" class=\"wp-block-spacer\"><\/div>\n\n\n\n<p>Todos los textos, fotograf\u00edas, logotipos, productos, servicios e im\u00e1genes visualizadas son propiedad de Rocar 89 S.L. mediante la gesti\u00f3n web de Hostinger.com<\/p>\n\n\n\n<p>El copyright del dise\u00f1o y la creaci\u00f3n de la web corresponde a Optimizaclick S.L.<\/p>\n\n\n\n<p>A los efectos del cumplimiento del Reglamento General de Protecci\u00f3n de Datos (RGPD), se establece la siguiente informaci\u00f3n:<\/p>\n\n\n\n<figure class=\"wp-block-table\"><table><tbody><tr><td><strong>Responsable del tratamiento<\/strong> <\/td><td> Rocar 86 S.L. con domicilio social en Avenida de Castilla la Mancha N\u00ba 58, 45643, Garciotum, Toledo con CIF: B45204716, rocar89@construccionesrocar89.com<\/td><\/tr><tr><td><strong>Finalidad<\/strong><\/td><td> Se trata la informaci\u00f3n que nos facilitan las personas interesadas con el fin de gestionar el env\u00edo de la informaci\u00f3n que nos soliciten, facilitar al interesado ofertas de productos y servicios de su inter\u00e9s y mejorar su experiencia de usuario, pudiendo elaborarse, de ser necesario, un perfil comercial, en base a la informaci\u00f3n facilitada. No se tomar\u00e1n decisiones automatizadas en base a dicho perfil.<br><br>Los datos personales proporcionados se conservar\u00e1n mientras se mantenga la relaci\u00f3n mercantil.<\/td><\/tr><tr><td><strong>Legitimaci\u00f3n<\/strong><\/td><td> Se solicita el consentimiento del interesado para el tratamiento de sus datos y la oferta prospectiva de productos y servicios.<\/td><\/tr><tr><td><strong>Destinatarios<\/strong><\/td><td> Los datos personales no se ceder\u00e1n a terceros, salvo en su caso, otras empresas de grupo para fines administrativos        internos.<\/td><\/tr><tr><td><strong>Derechos<\/strong><\/td><td>Las personas interesadas tienen derecho a acceder a sus datos personales, as\u00ed como a solicitar la rectificaci\u00f3n de los datos inexactos o, en su caso, solicitar su supresi\u00f3n cuando, los datos ya no sean necesarios para los fines que fueron recogidos. <br><br>Tambi\u00e9n los interesados en determinadas circunstancias podr\u00e1n oponerse al tratamiento de sus datos.<br><br>Tambi\u00e9n tendr\u00e1 derecho a retirar el consentimiento prestado y a reclamar ante la Autoridad de Control.<br><br>Para ejercer sus derechos deber\u00e1 ponerse en contacto con el Responsable en la direcci\u00f3n que aparece en el primer recuadro, acompa\u00f1ado de copia documento de identidad del interesado.<\/td><\/tr><\/tbody><\/table><\/figure>\n\n\n\n<div style=\"height:40px\" aria-hidden=\"true\" class=\"wp-block-spacer\"><\/div>\n\n\n\n<div class=\"wp-block-columns has-nv-light-bg-background-color has-background is-layout-flex wp-container-core-columns-is-layout-9d6595d7 wp-block-columns-is-layout-flex\">\n<div class=\"wp-block-column is-layout-flow wp-block-column-is-layout-flow\">\n<p class=\"has-text-align-center has-neve-link-hover-color-color has-text-color\"><strong>CONSTRUCCIONES ROCAR 89 S.L.<\/strong><\/p>\n\n\n\n<p class=\"has-text-align-center\">Avenida de Castilla la Mancha N\u00ba 58, 45643, Garciotum, Toledo.<\/p>\n\n\n\n<p><\/p>\n<\/div>\n\n\n\n<div class=\"wp-block-column is-layout-flow wp-block-column-is-layout-flow\">\n<p class=\"has-text-align-center\"><a href=\"https:\/\/construccionesrocar89.com\/\" title=\"Rocar 89\">Rocar 89<\/a><\/p>\n\n\n\n<p class=\"has-text-align-center\"><a href=\"https:\/\/construccionesrocar89.com\/index.php\/empresa-de-rehabilitacion\/\" title=\"Cont\u00e1ctanos\">Cont\u00e1ctanos<\/a><\/p>\n\n\n\n<p class=\"has-text-align-center\"><a href=\"https:\/\/construccionesrocar89.com\/index.php\/encuentranos\/\" title=\"Encu\u00e9ntranos\">Encu\u00e9ntranos<\/a><\/p>\n\n\n\n<p class=\"has-text-align-center\"><a href=\"https:\/\/construccionesrocar89.com\/index.php\/nuestros-trabajos\/\" title=\"Nuestros trabajos\">Nuestros trabajos<\/a><\/p>\n<\/div>\n\n\n\n<div class=\"wp-block-column is-layout-flow wp-block-column-is-layout-flow\">\n<p class=\"has-text-align-center\"><a href=\"https:\/\/construccionesrocar89.com\/index.php\/aviso-legal\/\" title=\"Aviso legal\">Aviso legal<\/a><\/p>\n\n\n\n<p class=\"has-text-align-center\"><a href=\"https:\/\/construccionesrocar89.com\/index.php\/politica-de-privacidad\/\" title=\"Pol\u00edtica de privacidad\">Pol\u00edtica de privacidad<\/a><\/p>\n<\/div>\n<\/div>\n","protected":false},"excerpt":{"rendered":"<p>Todos los textos, fotograf\u00edas, logotipos, productos, servicios e im\u00e1genes visualizadas son propiedad de Rocar 89 S.L. mediante la gesti\u00f3n web de Hostinger.com El copyright del dise\u00f1o y la creaci\u00f3n de la web corresponde a Optimizaclick S.L. A los efectos del cumplimiento del Reglamento General de Protecci\u00f3n de Datos (RGPD), se establece la siguiente informaci\u00f3n: Responsable&hellip;&nbsp;<a href=\"https:\/\/construccionesrocar89.com\/index.php\/politica-de-privacidad\/\" class=\"\" rel=\"bookmark\">Read More &raquo;<span class=\"screen-reader-text\">Pol\u00edtica de privacidad<\/span><\/a><\/p>\n","protected":false},"author":1,"featured_media":0,"parent":0,"menu_order":0,"comment_status":"closed","ping_status":"closed","template":"","meta":{"om_disable_all_campaigns":false,"_mi_skip_tracking":false,"neve_meta_sidebar":"full-width","neve_meta_container":"","neve_meta_enable_content_width":"on","neve_meta_content_width":100,"neve_meta_title_alignment":"","neve_meta_author_avatar":"","neve_post_elements_order":"","neve_meta_disable_header":"","neve_meta_disable_footer":"","neve_meta_disable_title":"","footnotes":""},"class_list":["post-295","page","type-page","status-publish","hentry"],"aioseo_notices":[],"_links":{"self":[{"href":"https:\/\/construccionesrocar89.com\/index.php\/wp-json\/wp\/v2\/pages\/295","targetHints":{"allow":["GET"]}}],"collection":[{"href":"https:\/\/construccionesrocar89.com\/index.php\/wp-json\/wp\/v2\/pages"}],"about":[{"href":"https:\/\/construccionesrocar89.com\/index.php\/wp-json\/wp\/v2\/types\/page"}],"author":[{"embeddable":true,"href":"https:\/\/construccionesrocar89.com\/index.php\/wp-json\/wp\/v2\/users\/1"}],"replies":[{"embeddable":true,"href":"https:\/\/construccionesrocar89.com\/index.php\/wp-json\/wp\/v2\/comments?post=295"}],"version-history":[{"count":3,"href":"https:\/\/construccionesrocar89.com\/index.php\/wp-json\/wp\/v2\/pages\/295\/revisions"}],"predecessor-version":[{"id":319,"href":"https:\/\/construccionesrocar89.com\/index.php\/wp-json\/wp\/v2\/pages\/295\/revisions\/319"}],"wp:attachment":[{"href":"https:\/\/construccionesrocar89.com\/index.php\/wp-json\/wp\/v2\/media?parent=295"}],"curies":[{"name":"wp","href":"https:\/\/api.w.org\/{rel}","templated":true}]}}