{"id":131,"date":"2021-05-03T15:23:57","date_gmt":"2021-05-03T15:23:57","guid":{"rendered":"https:\/\/construccionesrocar89.com\/?page_id=131"},"modified":"2023-01-16T17:53:16","modified_gmt":"2023-01-16T17:53:16","slug":"empresa-de-rehabilitacion","status":"publish","type":"page","link":"https:\/\/construccionesrocar89.com\/index.php\/empresa-de-rehabilitacion\/","title":{"rendered":"Cont\u00e1ctanos"},"content":{"rendered":"\n<div style=\"height:40px\" aria-hidden=\"true\" class=\"wp-block-spacer\"><\/div>\n\n\n\n<div style=\"display:none\" class=\"fm-form-container fm-theme1\"><div id=\"fm-pages1\" class=\"fm-pages wdform_page_navigation \" show_title=\"\" show_numbers=\"1\" type=\"none\"><\/div><form name=\"form1\" action=\"\/index.php\/wp-json\/wp\/v2\/pages\/131\" method=\"post\" id=\"form1\" class=\"fm-form form1  \" enctype=\"multipart\/form-data\"><input type=\"hidden\" id=\"counter1\" value=\"6\" name=\"counter1\" \/><input type=\"hidden\" id=\"Itemid1\" value=\"\" name=\"Itemid1\" \/><input type=\"text\" class=\"fm-hide\" id=\"fm_bot_validation1\" value=\"\" name=\"fm_bot_validation1\" \/><input type=\"text\" class=\"fm-hide\" id=\"fm_empty_field_validation1\" value=\"\" name=\"fm_empty_field_validation1\" data-value=\"89476b162e2755928cae8722e7c2002a\" \/><input type=\"hidden\" id=\"fm_form_nonce1\" name=\"fm_form_nonce1\" value=\"d7620f90a0\" \/><input type=\"hidden\" name=\"_wp_http_referer\" value=\"\/index.php\/wp-json\/wp\/v2\/pages\/131\" \/><div class=\"fm-header-bg\"><div class=\"fm-header \"><div class=\"fm-header-text\">          <div class=\"fm-header-title\">            Cont\u00e1ctanos          <\/div>          <div class=\"fm-header-description\">                      <\/div>        <\/div><\/div><\/div><div class=\"wdform-page-and-images fm-form-builder\"><div id=\"1form_view1\" class=\"wdform_page\" page_title=\"Untitled page\" next_title=\"Next\" next_type=\"text\" next_class=\"wdform-page-button\" next_checkable=\"true\" previous_title=\"Previous\" previous_type=\"text\" previous_class=\"wdform-page-button\" previous_checkable=\"false\"><div class=\"wdform_section\"><div class=\"wdform_column\"><div wdid=\"2\" class=\"wdform_row\"><div type=\"type_text\" class=\"wdform-field wd-width-100 wd-flex wd-flex-column\"><div class=\"wdform-label-section wd-width-100  wd-flex-row wd-align-items-center\">    <label  for=\"wdform_2_element1\" class=\"wdform-label\">Nombre<\/label><span class=\"wdform-required\">*<\/span><\/div><div class=\"wdform-element-section wd-flex  wd-flex-row wd-align-items-center wd-width-100\" ><input type=\"text\"                           class=\"wd-width-100\"                           id=\"wdform_2_element1\"                           name=\"wdform_2_element1\"                           value=\"\"                           title=\"\"                           placeholder=\"\"                                                       \/><\/div><\/div><\/div><\/div><div class=\"wdform_column\"><div wdid=\"3\" class=\"wdform_row\"><div type=\"type_submitter_mail\" class=\"wdform-field wd-width-100 wd-flex wd-flex-column\"><div class=\"wdform-label-section wd-width-100  wd-flex-row\">    <label  for=\"wdform_3_element1\" class=\"wdform-label\">Email<\/label><span class=\"wdform-required\">*<\/span><\/div><div class=\"wdform-element-section wd-flex  wd-flex-row wd-width-100\" ><input type=\"text\" class=\"wd-width-100\" id=\"wdform_3_element1\" name=\"wdform_3_element1\" value=\"\" title=\"\" placeholder=\"\"   onchange=\"wd_check_email('3', '1', 'This is not a valid email address.')\" \/><\/div><\/div><\/div><\/div><div class=\"wdform_column\"><div wdid=\"4\" class=\"wdform_row\"><div type=\"type_text\" class=\"wdform-field wd-width-100 wd-flex wd-flex-column\"><div class=\"wdform-label-section wd-width-100  wd-flex-row wd-align-items-center\">    <label  for=\"wdform_4_element1\" class=\"wdform-label\">Asunto<\/label><span class=\"wdform-required\">*<\/span><\/div><div class=\"wdform-element-section wd-flex  wd-flex-row wd-align-items-center wd-width-100\" ><input type=\"text\"                           class=\"wd-width-100\"                           id=\"wdform_4_element1\"                           name=\"wdform_4_element1\"                           value=\"\"                           title=\"\"                           placeholder=\"\"                                                       \/><\/div><\/div><\/div><\/div><div class=\"wdform_column\"><div wdid=\"5\" class=\"wdform_row\"><div type=\"type_textarea\" class=\"wdform-field wd-width-100 wd-flex wd-flex-column\"><div class=\"wdform-label-section wd-width-100 \">    <label  for=\"wdform_5_element1\" class=\"wdform-label\">Mensaje<\/label><span class=\"wdform-required\">*<\/span><\/div><div class=\"wdform-element-section wd-flex  wd-width-100\" ><textarea class=\"wd-width-100\"                      id=\"wdform_5_element1\"                      name=\"wdform_5_element1\"                      placeholder=\"\"                      style=\"height: 100px;\"                      ><\/textarea><\/div><\/div><\/div><\/div><div class=\"wdform_column\"><div wdid=\"1\" class=\"wdform_row\"><div type=\"type_submit_reset\" class=\"wdform-field wd-width-100 wd-flex wd-flex-column\"><div class=\"wdform-element-section wd-flex  wd-flex-row wd-justify-content-left wd-width-100\" ><button  type=\"button\" class=\"button-submit\" onclick=\"fm_submit_form('1');\"  data-ajax=\"0\"><span class=\"fm-submit-loading spinner fm-ico-spinner\"><\/span>Enviar<\/button><button  type=\"button\" class=\"button-reset wd-hidden\" onclick=\"fm_reset_form(1);\" >reset<\/button><\/div><\/div><\/div><\/div><\/div><div valign=\"top\" class=\"wdform_footer wd-width-100\"><div class=\"wd-width-100\"><div class=\"wd-width-100 wd-table\" style=\"padding-top:10px;\"><div class=\"wd-table-group\"><div id=\"1page_nav1\" class=\"wd-table-row\"><\/div><\/div><\/div><\/div><\/div><\/div><\/div><div class=\"wdform_preload\"><\/div><\/form><\/div>\n\n\n\n<div class=\"wp-block-group\"><div class=\"wp-block-group__inner-container is-layout-flow wp-block-group-is-layout-flow\">\n<p>Por correo : <\/p>\n\n\n\n<ul class=\"wp-block-list\">\n<li>rocar89@construccionesrocar89.com<\/li>\n\n\n\n<li>presupuestos@construccionesrocar89.com<\/li>\n\n\n\n<li>rocar89@hotmail.es<\/li>\n<\/ul>\n\n\n\n<div style=\"height:40px\" aria-hidden=\"true\" class=\"wp-block-spacer\"><\/div>\n\n\n\n<p>Por telefono :<\/p>\n\n\n\n<ul class=\"wp-block-list\">\n<li>Alfredo : +34 644 333 367<\/li>\n\n\n\n<li>Jose Carlos : +34 644 333 366<\/li>\n\n\n\n<li>Nuestra Oficina : +34 925 224 423<\/li>\n<\/ul>\n\n\n\n<div style=\"height:40px\" aria-hidden=\"true\" class=\"wp-block-spacer\"><\/div>\n<\/div><\/div>\n\n\n\n<div class=\"wp-block-columns has-nv-light-bg-background-color has-background is-layout-flex wp-container-core-columns-is-layout-9d6595d7 wp-block-columns-is-layout-flex\">\n<div class=\"wp-block-column is-layout-flow wp-block-column-is-layout-flow\">\n<p class=\"has-text-align-center has-neve-link-hover-color-color has-text-color\"><strong>CONSTRUCCIONES ROCAR 89 S.L.<\/strong><\/p>\n\n\n\n<p class=\"has-text-align-center\">Avenida de Castilla la Mancha N\u00ba 58, 45643, Garciotum, Toledo.<\/p>\n<\/div>\n\n\n\n<div class=\"wp-block-column is-layout-flow wp-block-column-is-layout-flow\">\n<p class=\"has-text-align-center\"><a href=\"https:\/\/construccionesrocar89.com\/\" title=\"Rocar 89\">Rocar 89<\/a><\/p>\n\n\n\n<p class=\"has-text-align-center\"><a href=\"https:\/\/construccionesrocar89.com\/index.php\/empresa-de-rehabilitacion\/\" title=\"Cont\u00e1ctanos\">Cont\u00e1ctanos<\/a><\/p>\n\n\n\n<p class=\"has-text-align-center\"><a href=\"https:\/\/construccionesrocar89.com\/index.php\/encuentranos\/\" title=\"Encu\u00e9ntranos\">Encu\u00e9ntranos<\/a><\/p>\n\n\n\n<p class=\"has-text-align-center\"><a href=\"https:\/\/construccionesrocar89.com\/index.php\/nuestros-trabajos\/\" title=\"Nuestros trabajos\">Nuestros trabajos<\/a><\/p>\n<\/div>\n\n\n\n<div class=\"wp-block-column is-layout-flow wp-block-column-is-layout-flow\">\n<p class=\"has-text-align-center\"><a href=\"https:\/\/construccionesrocar89.com\/index.php\/aviso-legal\/\" title=\"Aviso legal\">Aviso legal<\/a><\/p>\n\n\n\n<p class=\"has-text-align-center\"><a href=\"https:\/\/construccionesrocar89.com\/index.php\/politica-de-privacidad\/\" title=\"Pol\u00edtica de privacidad\">Pol\u00edtica de privacidad<\/a><\/p>\n<\/div>\n<\/div>\n","protected":false},"excerpt":{"rendered":"<p>Por correo : Por telefono : CONSTRUCCIONES ROCAR 89 S.L. Avenida de Castilla la Mancha N\u00ba 58, 45643, Garciotum, Toledo. Rocar 89 Cont\u00e1ctanos Encu\u00e9ntranos Nuestros trabajos Aviso legal Pol\u00edtica de privacidad<\/p>\n","protected":false},"author":1,"featured_media":0,"parent":0,"menu_order":0,"comment_status":"closed","ping_status":"closed","template":"","meta":{"om_disable_all_campaigns":false,"_mi_skip_tracking":false,"neve_meta_sidebar":"full-width","neve_meta_container":"","neve_meta_enable_content_width":"on","neve_meta_content_width":100,"neve_meta_title_alignment":"","neve_meta_author_avatar":"","neve_post_elements_order":"","neve_meta_disable_header":"","neve_meta_disable_footer":"","neve_meta_disable_title":"","footnotes":""},"class_list":["post-131","page","type-page","status-publish","hentry"],"aioseo_notices":[],"_links":{"self":[{"href":"https:\/\/construccionesrocar89.com\/index.php\/wp-json\/wp\/v2\/pages\/131","targetHints":{"allow":["GET"]}}],"collection":[{"href":"https:\/\/construccionesrocar89.com\/index.php\/wp-json\/wp\/v2\/pages"}],"about":[{"href":"https:\/\/construccionesrocar89.com\/index.php\/wp-json\/wp\/v2\/types\/page"}],"author":[{"embeddable":true,"href":"https:\/\/construccionesrocar89.com\/index.php\/wp-json\/wp\/v2\/users\/1"}],"replies":[{"embeddable":true,"href":"https:\/\/construccionesrocar89.com\/index.php\/wp-json\/wp\/v2\/comments?post=131"}],"version-history":[{"count":9,"href":"https:\/\/construccionesrocar89.com\/index.php\/wp-json\/wp\/v2\/pages\/131\/revisions"}],"predecessor-version":[{"id":316,"href":"https:\/\/construccionesrocar89.com\/index.php\/wp-json\/wp\/v2\/pages\/131\/revisions\/316"}],"wp:attachment":[{"href":"https:\/\/construccionesrocar89.com\/index.php\/wp-json\/wp\/v2\/media?parent=131"}],"curies":[{"name":"wp","href":"https:\/\/api.w.org\/{rel}","templated":true}]}}